{"id":9261,"date":"2023-10-17T08:56:54","date_gmt":"2023-10-17T08:56:54","guid":{"rendered":"https:\/\/tenerifesupercar.com\/sobre-nosotros\/"},"modified":"2024-08-10T12:31:29","modified_gmt":"2024-08-10T12:31:29","slug":"sobre-nosotros","status":"publish","type":"page","link":"https:\/\/tenerifesupercar.com\/es\/sobre-nosotros\/","title":{"rendered":"Sobre Nosotros"},"content":{"rendered":"\t\t<div data-elementor-type=\"wp-page\" data-elementor-id=\"9261\" class=\"elementor elementor-9261 elementor-53\" data-elementor-post-type=\"page\">\n\t\t\t\t<div class=\"elementor-element elementor-element-338f2a4 e-flex e-con-boxed e-con e-parent\" data-id=\"338f2a4\" data-element_type=\"container\" data-e-type=\"container\" data-settings=\"{&quot;background_background&quot;:&quot;classic&quot;}\">\n\t\t\t\t\t<div class=\"e-con-inner\">\n\t\t<div class=\"elementor-element elementor-element-0a6bdc6 e-con-full e-flex e-con e-child\" data-id=\"0a6bdc6\" data-element_type=\"container\" data-e-type=\"container\">\n\t\t\t\t<div class=\"elementor-element elementor-element-d9724b5 elementor-widget elementor-widget-remons_elementor_heading\" data-id=\"d9724b5\" data-element_type=\"widget\" data-e-type=\"widget\" data-widget_type=\"remons_elementor_heading.default\">\n\t\t\t\t<div class=\"elementor-widget-container\">\n\t\t\t\t\t\n\t\t<div class=\"ova-heading\">\n            \n            <div class=\"top-heading\">\n\n            \t\t\t\t\t\t<div class=\"sub-title-wrapper top\">\n\t\t\t\t\t\t\t\t\t\t\t\t\t\t\t\t\t\t\t\t\t\t\t\t\t<p class=\"sub-title\">Sobre Nosotros<\/p>\n\t\t\t\t\t\t\t\t\t\t\t<\/div>\n\t\t\t\t\n\t\t\t\t\n            <\/div>\n\n\t\t\t\n\t\t<\/div>\n\t\t \t\n\t\t\t\t\t\t<\/div>\n\t\t\t\t<\/div>\n\t\t\t\t<div class=\"elementor-element elementor-element-0435104 elementor-widget elementor-widget-text-editor\" data-id=\"0435104\" data-element_type=\"widget\" data-e-type=\"widget\" data-widget_type=\"text-editor.default\">\n\t\t\t\t<div class=\"elementor-widget-container\">\n\t\t\t\t\t\t\t\t\t<p>Bienvenido a Tenerife Supercar, el destino principal para el alquiler de coches de lujo en la hermosa isla de Tenerife. En Tenerife Supercar, nos apasiona brindarte una experiencia de conducci\u00f3n de clase mundial que realce tu visita o evento. Nuestra flota cuenta con una selecci\u00f3n exclusiva de los mejores autom\u00f3viles de fabricantes de renombre, cada uno elegido por su rendimiento, estilo y confort. Ya sea que est\u00e9s explorando rutas esc\u00e9nicas, asistiendo a eventos prestigiosos o simplemente disfrutando del placer de conducir, nuestro servicio de primer nivel y veh\u00edculos impecables aseguran que tu tiempo con nosotros sea inolvidable. Descubre la manera definitiva de experimentar el encanto de Tenerife: al volante de un superdeportivo. Vis\u00edtanos en tenerifesupercar.com para reservar tu veh\u00edculo de lujo hoy y eleva tu viaje a lo extraordinario.<\/p>\n\t\t\t\t\t\t\t\t<\/div>\n\t\t\t\t<\/div>\n\t\t\t\t<\/div>\n\t\t\t\t\t<\/div>\n\t\t\t\t<\/div>\n\t\t<div class=\"elementor-element elementor-element-2eefbd2 e-flex e-con-boxed e-con e-parent\" data-id=\"2eefbd2\" data-element_type=\"container\" data-e-type=\"container\" data-settings=\"{&quot;background_background&quot;:&quot;gradient&quot;}\">\n\t\t\t\t\t<div class=\"e-con-inner\">\n\t\t\t\t<div class=\"elementor-element elementor-element-3643b85 elementor-widget elementor-widget-remons_elementor_heading\" data-id=\"3643b85\" data-element_type=\"widget\" data-e-type=\"widget\" data-widget_type=\"remons_elementor_heading.default\">\n\t\t\t\t<div class=\"elementor-widget-container\">\n\t\t\t\t\t\n\t\t<div class=\"ova-heading\">\n            \n            <div class=\"top-heading\">\n\n            \t\t\t\t\t\t<div class=\"sub-title-wrapper top\">\n\t\t\t\t\t\t\t\t\t\t\t\t\t\t\t\t\t\t\t\t\t\t\t\t\t<p class=\"sub-title\">Nuestra Misi\u00f3n<\/p>\n\t\t\t\t\t\t\t\t\t\t\t<\/div>\n\t\t\t\t\n\t\t\t\t\n            <\/div>\n\n\t\t\t\n\t\t<\/div>\n\t\t \t\n\t\t\t\t\t\t<\/div>\n\t\t\t\t<\/div>\n\t\t\t\t<div class=\"elementor-element elementor-element-12c6531 elementor-widget elementor-widget-text-editor\" data-id=\"12c6531\" data-element_type=\"widget\" data-e-type=\"widget\" data-widget_type=\"text-editor.default\">\n\t\t\t\t<div class=\"elementor-widget-container\">\n\t\t\t\t\t\t\t\t\t<p>En Tenerife Supercar, nuestra misi\u00f3n es ofrecer una experiencia de alquiler de coches de lujo sin igual que transforme los viajes ordinarios en aventuras extraordinarias. Estamos dedicados a mantener los m\u00e1s altos est\u00e1ndares de calidad y servicio, asegurando que cada cliente disfrute de la sofisticaci\u00f3n, el confort y la emoci\u00f3n de conducir un veh\u00edculo premium. Nuestro objetivo es superar las expectativas atendiendo las necesidades individuales con atenci\u00f3n personalizada y actualizando constantemente nuestra flota para incluir los modelos m\u00e1s recientes y prestigiosos del mercado. Nuestro compromiso es hacer que cada momento sea memorable para nuestros clientes mientras exploran los impresionantes paisajes de Tenerife con estilo y lujo.<\/p>\n\t\t\t\t\t\t\t\t<\/div>\n\t\t\t\t<\/div>\n\t\t\t\t\t<\/div>\n\t\t\t\t<\/div>\n\t\t<div class=\"elementor-element elementor-element-59344b9 e-flex e-con-boxed e-con e-parent\" data-id=\"59344b9\" data-element_type=\"container\" data-e-type=\"container\" data-settings=\"{&quot;background_background&quot;:&quot;classic&quot;}\">\n\t\t\t\t\t<div class=\"e-con-inner\">\n\t\t<div class=\"elementor-element elementor-element-54e1b75 e-con-full e-flex e-con e-child\" data-id=\"54e1b75\" data-element_type=\"container\" data-e-type=\"container\">\n\t\t\t\t<div class=\"elementor-element elementor-element-b7f5757 elementor-widget elementor-widget-remons_elementor_heading\" data-id=\"b7f5757\" data-element_type=\"widget\" data-e-type=\"widget\" data-widget_type=\"remons_elementor_heading.default\">\n\t\t\t\t<div class=\"elementor-widget-container\">\n\t\t\t\t\t\n\t\t<div class=\"ova-heading\">\n            \n            <div class=\"top-heading\">\n\n            \t\t\t\t\t\t<div class=\"sub-title-wrapper top\">\n\t\t\t\t\t\t\t\t\t\t\t\t\t\t\t\t\t\t\t\t\t\t\t\t\t<p class=\"sub-title\">\u00bfPor Qu\u00e9 Elegirnos?<\/p>\n\t\t\t\t\t\t\t\t\t\t\t<\/div>\n\t\t\t\t\n\t\t\t\t\n            <\/div>\n\n\t\t\t\n\t\t<\/div>\n\t\t \t\n\t\t\t\t\t\t<\/div>\n\t\t\t\t<\/div>\n\t\t\t\t<div class=\"elementor-element elementor-element-9a027ef elementor-widget elementor-widget-text-editor\" data-id=\"9a027ef\" data-element_type=\"widget\" data-e-type=\"widget\" data-widget_type=\"text-editor.default\">\n\t\t\t\t<div class=\"elementor-widget-container\">\n\t\t\t\t\t\t\t\t\t<p>Elegir Tenerife Supercar significa optar por la excelencia en el alquiler de coches de lujo. Aqu\u00ed te presentamos varias razones convincentes para seleccionarnos en tu pr\u00f3xima aventura en Tenerife:<\/p>\n<p>Selecci\u00f3n Exclusiva: Nuestra flota cuidadosamente seleccionada incluye solo superdeportivos y veh\u00edculos de lujo de la m\u00e1s alta calidad, asegurando que tengas acceso a los \u00faltimos modelos y a lo mejor en tecnolog\u00eda y lujo automotriz.<\/p>\n<p>Experiencia Inigualable: Con a\u00f1os de experiencia en alquileres de lujo, entendemos los matices de un servicio premium. Nuestro personal, experto y amable, est\u00e1 comprometido a brindar asistencia personalizada para satisfacer las necesidades \u00fanicas de cada cliente.<\/p>\n<p>Servicio Sin Complicaciones: Desde una reserva f\u00e1cil hasta un soporte integral, nuestros procesos est\u00e1n dise\u00f1ados para tu conveniencia. Ofrecemos introducciones detalladas a los veh\u00edculos, per\u00edodos de alquiler flexibles y asistencia en todo momento para garantizar una experiencia fluida y placentera.<\/p>\n<p>Conocimientos Locales: Como nativos de Tenerife, ofrecemos valiosos conocimientos y recomendaciones que mejoran tu estancia, ya sea las mejores rutas para un paseo esc\u00e9nico o consejos sobre eventos locales exclusivos.<\/p>\n<p>Compromiso con la Calidad: Cada veh\u00edculo en nuestra flota se mantiene meticulosamente y se presenta en condiciones impecables para garantizar tu seguridad y comodidad.<\/p>\n<p>En Tenerife Supercar, no solo alquilamos coches; ofrecemos la entrada a un estilo de vida de lujo y emoci\u00f3n, asegurando que cada viaje sea tan emocionante y memorable como el destino.<\/p>\n\t\t\t\t\t\t\t\t<\/div>\n\t\t\t\t<\/div>\n\t\t\t\t<div class=\"elementor-element elementor-element-83e7ea0 elementor-align-center elementor-widget elementor-widget-button\" data-id=\"83e7ea0\" data-element_type=\"widget\" data-e-type=\"widget\" data-widget_type=\"button.default\">\n\t\t\t\t<div class=\"elementor-widget-container\">\n\t\t\t\t\t\t\t\t\t<div class=\"elementor-button-wrapper\">\n\t\t\t\t\t<a class=\"elementor-button elementor-button-link elementor-size-sm\" href=\"https:\/\/tenerifesupercar.com\/product-category\/our-super-cars\/\">\n\t\t\t\t\t\t<span class=\"elementor-button-content-wrapper\">\n\t\t\t\t\t\t\t\t\t<span class=\"elementor-button-text\">Descubre Nuestros Coches<\/span>\n\t\t\t\t\t<\/span>\n\t\t\t\t\t<\/a>\n\t\t\t\t<\/div>\n\t\t\t\t\t\t\t\t<\/div>\n\t\t\t\t<\/div>\n\t\t\t\t<\/div>\n\t\t\t\t\t<\/div>\n\t\t\t\t<\/div>\n\t\t\t\t<\/div>\n\t\t","protected":false},"excerpt":{"rendered":"<p>Sobre Nosotros Bienvenido a Tenerife Supercar, el destino principal para el alquiler de coches de lujo en la hermosa isla de Tenerife. En Tenerife Supercar, nos apasiona brindarte una experiencia de conducci\u00f3n de clase mundial que realce tu visita o evento. Nuestra flota cuenta con una selecci\u00f3n exclusiva de los mejores autom\u00f3viles de fabricantes de [&hellip;]<\/p>\n","protected":false},"author":1,"featured_media":0,"parent":0,"menu_order":0,"comment_status":"closed","ping_status":"closed","template":"elementor_header_footer","meta":{"footnotes":""},"class_list":["post-9261","page","type-page","status-publish","hentry"],"yoast_head":"<!-- This site is optimized with the Yoast SEO Premium plugin v23.0 (Yoast SEO v24.6) - https:\/\/yoast.com\/wordpress\/plugins\/seo\/ -->\n<title>Sobre Nosotros - Tenerife Super Car<\/title>\n<meta name=\"robots\" content=\"index, follow, max-snippet:-1, max-image-preview:large, max-video-preview:-1\" \/>\n<link rel=\"canonical\" href=\"https:\/\/tenerifesupercar.com\/es\/sobre-nosotros\/\" \/>\n<meta property=\"og:locale\" content=\"es_ES\" \/>\n<meta property=\"og:type\" content=\"article\" \/>\n<meta property=\"og:title\" content=\"Sobre Nosotros\" \/>\n<meta property=\"og:description\" content=\"Sobre Nosotros Bienvenido a Tenerife Supercar, el destino principal para el alquiler de coches de lujo en la hermosa isla de Tenerife. En Tenerife Supercar, nos apasiona brindarte una experiencia de conducci\u00f3n de clase mundial que realce tu visita o evento. Nuestra flota cuenta con una selecci\u00f3n exclusiva de los mejores autom\u00f3viles de fabricantes de [&hellip;]\" \/>\n<meta property=\"og:url\" content=\"https:\/\/tenerifesupercar.com\/es\/sobre-nosotros\/\" \/>\n<meta property=\"og:site_name\" content=\"Tenerife Super Car\" \/>\n<meta property=\"article:modified_time\" content=\"2024-08-10T12:31:29+00:00\" \/>\n<meta property=\"og:image\" content=\"https:\/\/tenerifesupercar.com\/wp-content\/uploads\/2023\/10\/TENERIFESUPERCAR-1.png\" \/>\n\t<meta property=\"og:image:width\" content=\"1400\" \/>\n\t<meta property=\"og:image:height\" content=\"800\" \/>\n\t<meta property=\"og:image:type\" content=\"image\/png\" \/>\n<meta name=\"twitter:card\" content=\"summary_large_image\" \/>\n<meta name=\"twitter:label1\" content=\"Tiempo de lectura\" \/>\n\t<meta name=\"twitter:data1\" content=\"3 minutos\" \/>\n<script type=\"application\/ld+json\" class=\"yoast-schema-graph\">{\"@context\":\"https:\/\/schema.org\",\"@graph\":[{\"@type\":\"WebPage\",\"@id\":\"https:\/\/tenerifesupercar.com\/es\/sobre-nosotros\/\",\"url\":\"https:\/\/tenerifesupercar.com\/es\/sobre-nosotros\/\",\"name\":\"Sobre Nosotros - Tenerife Super Car\",\"isPartOf\":{\"@id\":\"https:\/\/tenerifesupercar.com\/es\/#website\"},\"datePublished\":\"2023-10-17T08:56:54+00:00\",\"dateModified\":\"2024-08-10T12:31:29+00:00\",\"breadcrumb\":{\"@id\":\"https:\/\/tenerifesupercar.com\/es\/sobre-nosotros\/#breadcrumb\"},\"inLanguage\":\"es\",\"potentialAction\":[{\"@type\":\"ReadAction\",\"target\":[\"https:\/\/tenerifesupercar.com\/es\/sobre-nosotros\/\"]}]},{\"@type\":\"BreadcrumbList\",\"@id\":\"https:\/\/tenerifesupercar.com\/es\/sobre-nosotros\/#breadcrumb\",\"itemListElement\":[{\"@type\":\"ListItem\",\"position\":1,\"name\":\"Home\",\"item\":\"https:\/\/tenerifesupercar.com\/es\/inicio-2\/\"},{\"@type\":\"ListItem\",\"position\":2,\"name\":\"Sobre Nosotros\"}]},{\"@type\":\"WebSite\",\"@id\":\"https:\/\/tenerifesupercar.com\/es\/#website\",\"url\":\"https:\/\/tenerifesupercar.com\/es\/\",\"name\":\"Tenerife Super Car\",\"description\":\"\",\"potentialAction\":[{\"@type\":\"SearchAction\",\"target\":{\"@type\":\"EntryPoint\",\"urlTemplate\":\"https:\/\/tenerifesupercar.com\/es\/?s={search_term_string}\"},\"query-input\":{\"@type\":\"PropertyValueSpecification\",\"valueRequired\":true,\"valueName\":\"search_term_string\"}}],\"inLanguage\":\"es\"}]}<\/script>\n<!-- \/ Yoast SEO Premium plugin. -->","yoast_head_json":{"title":"Sobre Nosotros - Tenerife Super Car","robots":{"index":"index","follow":"follow","max-snippet":"max-snippet:-1","max-image-preview":"max-image-preview:large","max-video-preview":"max-video-preview:-1"},"canonical":"https:\/\/tenerifesupercar.com\/es\/sobre-nosotros\/","og_locale":"es_ES","og_type":"article","og_title":"Sobre Nosotros","og_description":"Sobre Nosotros Bienvenido a Tenerife Supercar, el destino principal para el alquiler de coches de lujo en la hermosa isla de Tenerife. En Tenerife Supercar, nos apasiona brindarte una experiencia de conducci\u00f3n de clase mundial que realce tu visita o evento. Nuestra flota cuenta con una selecci\u00f3n exclusiva de los mejores autom\u00f3viles de fabricantes de [&hellip;]","og_url":"https:\/\/tenerifesupercar.com\/es\/sobre-nosotros\/","og_site_name":"Tenerife Super Car","article_modified_time":"2024-08-10T12:31:29+00:00","og_image":[{"width":1400,"height":800,"url":"https:\/\/tenerifesupercar.com\/wp-content\/uploads\/2023\/10\/TENERIFESUPERCAR-1.png","type":"image\/png"}],"twitter_card":"summary_large_image","twitter_misc":{"Tiempo de lectura":"3 minutos"},"schema":{"@context":"https:\/\/schema.org","@graph":[{"@type":"WebPage","@id":"https:\/\/tenerifesupercar.com\/es\/sobre-nosotros\/","url":"https:\/\/tenerifesupercar.com\/es\/sobre-nosotros\/","name":"Sobre Nosotros - Tenerife Super Car","isPartOf":{"@id":"https:\/\/tenerifesupercar.com\/es\/#website"},"datePublished":"2023-10-17T08:56:54+00:00","dateModified":"2024-08-10T12:31:29+00:00","breadcrumb":{"@id":"https:\/\/tenerifesupercar.com\/es\/sobre-nosotros\/#breadcrumb"},"inLanguage":"es","potentialAction":[{"@type":"ReadAction","target":["https:\/\/tenerifesupercar.com\/es\/sobre-nosotros\/"]}]},{"@type":"BreadcrumbList","@id":"https:\/\/tenerifesupercar.com\/es\/sobre-nosotros\/#breadcrumb","itemListElement":[{"@type":"ListItem","position":1,"name":"Home","item":"https:\/\/tenerifesupercar.com\/es\/inicio-2\/"},{"@type":"ListItem","position":2,"name":"Sobre Nosotros"}]},{"@type":"WebSite","@id":"https:\/\/tenerifesupercar.com\/es\/#website","url":"https:\/\/tenerifesupercar.com\/es\/","name":"Tenerife Super Car","description":"","potentialAction":[{"@type":"SearchAction","target":{"@type":"EntryPoint","urlTemplate":"https:\/\/tenerifesupercar.com\/es\/?s={search_term_string}"},"query-input":{"@type":"PropertyValueSpecification","valueRequired":true,"valueName":"search_term_string"}}],"inLanguage":"es"}]}},"_hostinger_reach_plugin_has_subscription_block":false,"_hostinger_reach_plugin_is_elementor":false,"_links":{"self":[{"href":"https:\/\/tenerifesupercar.com\/es\/wp-json\/wp\/v2\/pages\/9261","targetHints":{"allow":["GET"]}}],"collection":[{"href":"https:\/\/tenerifesupercar.com\/es\/wp-json\/wp\/v2\/pages"}],"about":[{"href":"https:\/\/tenerifesupercar.com\/es\/wp-json\/wp\/v2\/types\/page"}],"author":[{"embeddable":true,"href":"https:\/\/tenerifesupercar.com\/es\/wp-json\/wp\/v2\/users\/1"}],"replies":[{"embeddable":true,"href":"https:\/\/tenerifesupercar.com\/es\/wp-json\/wp\/v2\/comments?post=9261"}],"version-history":[{"count":7,"href":"https:\/\/tenerifesupercar.com\/es\/wp-json\/wp\/v2\/pages\/9261\/revisions"}],"predecessor-version":[{"id":9491,"href":"https:\/\/tenerifesupercar.com\/es\/wp-json\/wp\/v2\/pages\/9261\/revisions\/9491"}],"wp:attachment":[{"href":"https:\/\/tenerifesupercar.com\/es\/wp-json\/wp\/v2\/media?parent=9261"}],"curies":[{"name":"wp","href":"https:\/\/api.w.org\/{rel}","templated":true}]}}